{"id":11769,"date":"2025-01-22T16:40:34","date_gmt":"2025-01-22T16:40:34","guid":{"rendered":"https:\/\/missludo.com\/test\/?page_id=11769"},"modified":"2025-01-22T16:40:34","modified_gmt":"2025-01-22T16:40:34","slug":"condizioni-di-vendita","status":"publish","type":"page","link":"https:\/\/missludo.com\/test\/condizioni-di-vendita\/","title":{"rendered":"Condizioni di vendita"},"content":{"rendered":"\n<p><em>Premessa<\/em><\/p>\n\n\n\n<p>I rapporti commerciali fra Miss Ludo Abbigliamento Donna di Aldo Vicino, P.IVA 09816471214\u00a0ed i clienti sono regolati dalle seguenti condizioni generali di vendita, condizioni diverse verranno concordate in forma scritta;<\/p>\n\n\n\n<p><em>Responsabilit<\/em>a\u2019<\/p>\n\n\n\n<p>Miss Ludo non \u00e8 responsabile di alcun danno o perdita, diretta e\/o indiretta, derivante dalla vendita di beni e servizi proposti nel catalogo pubblicato nel sito www.missludo.com, anche per ritardata e\/o mancata consegna del prodotto, n\u00e9 per le specifiche pubblicate nel sito, n\u00e9 per qualsiasi altro fatto non imputabile in via diretta a Miss Ludo.<\/p>\n\n\n\n<p><em>Informazioni Tecniche<\/em><\/p>\n\n\n\n<p>Le informazioni tecniche presenti sul nostro sito Internet sono ricavate dalle informazioni pubblicate dalle case produttrici dei beni. Miss Ludo pertanto, si riserva la facolt\u00e0 di modificare\/adeguare le informazioni tecniche e dimensionali dei prodotti del catalogo in base a quanto sar\u00e0 comunicato dai produttori, anche senza preavviso alcuno.<\/p>\n\n\n\n<p><em>Ordini<\/em><\/p>\n\n\n\n<p>Gli ordini sono accettati solo ed esclusivamente in forma tramite Internet (on line). Il cliente che invia l\u2019ordine via Internet ricever\u00e0, al termine della procedura, una comunicazione di conferma dall\u2019avvenuto ordine, con l\u2019indicazione del relativo \u201cnumero d\u2019ordine\u201d; Tale conferma potr\u00e0 avvenire anche tramite posta elettronica (E-mail). Nell\u2019ipotesi che, dopo l\u2019invio dell\u2019ordine, non compaia (trascorsi alcuni minuti) il \u201cnumero d\u2019ordine\u201d, la proposta s\u2019intender\u00e0 come non accettata, ad ogni effetto di legge.<\/p>\n\n\n\n<p><em>Disponibilit\u00e0 Prodotti<\/em><\/p>\n\n\n\n<p>Nel catalogo prodotti pubblicato sul sito www.missludo.com, vengono evidenziate le quantit\u00e0 di prodotto presenti.<\/p>\n\n\n\n<p><em>Spedizioni e Consegna<\/em><\/p>\n\n\n\n<p>Le spedizioni, salvo diversi accordi, saranno effettuate a mezzo trasportatori convenzionati.<\/p>\n\n\n\n<p>Nell\u2019ipotesi che il trasportatore sia incaricato, a qualsiasi titolo dal cliente, Miss Ludo non sar\u00e0 responsabile della perdita e\/o avaria del prodotto fin dal momento della consegna della merce al vettore presso i propri magazzini.<\/p>\n\n\n\n<p><em>Rischio e Propriet<\/em>a\u2019<\/p>\n\n\n\n<p>La merce \u00e8 spedita in porto franco, assicurata con addebito in fattura; nel caso in cui la merce fosse spedita in porto assegnato, dietro indicazione del cliente, il rischio \u00e8 da ritenersi a carico del cliente dalla consegna della merce al vettore dai propri magazzini. Al momento della consegna della merce, il cliente deve verificare l\u2019integrit\u00e0 dei colli e la corrispondenza quantitativa e qualitativa con quanto indicato nel documento accompagnatorio (DDT). In caso di difformit\u00e0, la stessa dovr\u00e0 essere segnalata sul medesimo documento accompagnatorio e confermata, entro sette giorni via fax o raccomandata a.r., al proprio commerciale di riferimento. Pur in presenza di imballo integro, la merce dovr\u00e0 essere accuratamente verificata. Eventuali anomalie occulte, dovranno essere segnalate per iscritto a mezzo mail o raccomandata a.r. entro sette giorni dal ricevimento. Ogni segnalazione oltre i suddetti termini, non sar\u00e0 presa in considerazione. Per ogni dichiarazione, il cliente si assume la responsabilit\u00e0 piena di quanto dichiarato.<\/p>\n\n\n\n<p><em>Pagamenti<\/em><\/p>\n\n\n\n<p>Le merci fornite dovranno essere pagate tramite carte di credito o prepagate \/ ricaricabili, bonifico bancario anticipato, Paypal, salvo diverse condizioni che dovranno essere concordate in forma scritta con Miss Ludo.<\/p>\n\n\n\n<p>Miss Ludo si riserva, a suo insindacabile giudizio, il diritto di non procedere alla spedizione della merce, anche dopo aver accettato l\u2019ordine, a quei clienti che risultassero \u201cfuori fido\u201d, ovvero con pagamenti scaduti o, in \u201ccontenzioso\u201d.<\/p>\n\n\n\n<p><em>Diritto di annullamento degli ordini<\/em><\/p>\n\n\n\n<p>Il cliente potr\u00e0 chiedere l\u2019annullamento dell\u2019ordine o di parte di esso, Miss Ludo si riserva l\u2019accettazione dell\u2019annullamento dello stesso. La richiesta di annullamento (ed accettazione della stessa) dovranno avvenire a mezzo email, e verr\u00e0 accettata solo se la merce ordinata non \u00e8 stata ancora consegnata al corriere per la spedizione.<\/p>\n\n\n\n<p><em>Politica dei resi \u2013 Restituzioni Merce<\/em><\/p>\n\n\n\n<p>La restituzione delle merci a Miss Ludo, dovr\u00e0 essere richiesta tramite telefono o email con l\u2019indicazione dei motivi della richiesta stessa, citando i riferimenti della fatture e\/o del DDT e dovr\u00e0 essere espressamente autorizzata a mezzo email. La restituzione della merce dovr\u00e0 essere effettuata previa autorizzazione ed entro 14 gg lavorativi dalla data di acquisto. La merce da restituire, dovr\u00e0 essere in perfetto stato, nell\u2019imballo originale e spedita in porto franco al nostro magazzino (<em>a spese del cliente<\/em>), citando, sul documento, il numero di rientro assegnato.<\/p>\n\n\n\n<p><em>Garanzie<\/em><\/p>\n\n\n\n<p>L\u2019acquisto di materiale presso Miss Ludo implica l\u2019accettazione integrale delle condizioni di garanzia fornite dal produttore. Il cliente, pertanto, \u00e8 consapevole che la merce acquistata sar\u00e0 garantita dal produttore e alle condizioni dallo stesso previste, ed accetta, quindi, rimossa ogni riserva, tutte le modalit\u00e0 di prestazione della garanzia del produttore, anche con riferimento, a puro titolo esemplificativo, al soggetto gestore della garanzia, anche se diverso Miss Ludo.<\/p>\n\n\n\n<p><strong>Consegne e spedizioni<\/strong><\/p>\n\n\n\n<p>Le spedizioni, salvo diversi accordi, saranno effettuate a mezzo trasportatori convenzionati.<\/p>\n\n\n\n<p>Nell\u2019ipotesi che il trasportatore sia incaricato, a qualsiasi titolo dal cliente, Miss Ludo non sar\u00e0 responsabile della perdita e\/o avaria del prodotto fin dal momento della consegna della merce al vettore presso i propri magazzini.<\/p>\n\n\n\n<p>La merce \u00e8 spedita in porto franco, assicurata con addebito in fattura; nel caso in cui la merce fosse spedita in porto assegnato, dietro indicazione del cliente, il rischio \u00e8 da ritenersi a carico del cliente dalla consegna della merce al vettore dai propri magazzini. Al momento della consegna della merce, il cliente deve verificare l\u2019integrit\u00e0 dei colli e la corrispondenza quantitativa e qualitativa con quanto indicato nel documento accompagnatorio.<\/p>\n\n\n\n<p>In caso di difformit\u00e0, la stessa dovr\u00e0 essere segnalata sul medesimo documento accompagnatorio e confermata, entro sette giorni via fax o raccomandata a.r., al proprio commerciale di riferimento. Pur in presenza di imballo integro, la merce dovr\u00e0 essere accuratamente verificata. Eventuali anomalie occulte, dovranno essere segnalate per iscritto a mezzo mail o raccomandata a.r. entro sette giorni dal ricevimento. Ogni segnalazione oltre i suddetti termini, non sar\u00e0 presa in considerazione. Per ogni dichiarazione, il cliente si assume la responsabilit\u00e0 piena di quanto dichiarato.<\/p>\n\n\n\n<p>Le spese di spedizione sono a carico del cliente e sono evidenziate sul nostro sito al momento dell\u2019ordine.<\/p>\n\n\n\n<p>Il costo \u00e8 effettivo e verr\u00e0 addebitato in fattura.<\/p>\n\n\n\n<p>L\u2019importo \u00e8 comprensivo dei costi di gestione e di imballaggio.<\/p>\n\n\n\n<p><strong><em>Assistenza clienti<\/em><\/strong><\/p>\n\n\n\n<p>Per qualsiasi tipo di assistenza post e pre ordine \u00e8 attivo il numero telefonico\u00a0<a href=\"https:\/\/wa.me\/393270331378\" data-type=\"link\" data-id=\"https:\/\/wa.me\/393270331378\">3270331378<\/a>\u00a0o l\u2019indirizzo email info@missludo.com<\/p>\n","protected":false},"excerpt":{"rendered":"<p>Premessa I rapporti commerciali fra Miss Ludo Abbigliamento Donna di Aldo Vicino, P.IVA 09816471214\u00a0ed i clienti sono regolati dalle seguenti condizioni generali di vendita, condizioni&#8230;<\/p>\n","protected":false},"author":1,"featured_media":0,"parent":0,"menu_order":0,"comment_status":"closed","ping_status":"closed","template":"","meta":{"footnotes":""},"class_list":["post-11769","page","type-page","status-publish","hentry"],"aioseo_notices":[],"_links":{"self":[{"href":"https:\/\/missludo.com\/test\/wp-json\/wp\/v2\/pages\/11769","targetHints":{"allow":["GET"]}}],"collection":[{"href":"https:\/\/missludo.com\/test\/wp-json\/wp\/v2\/pages"}],"about":[{"href":"https:\/\/missludo.com\/test\/wp-json\/wp\/v2\/types\/page"}],"author":[{"embeddable":true,"href":"https:\/\/missludo.com\/test\/wp-json\/wp\/v2\/users\/1"}],"replies":[{"embeddable":true,"href":"https:\/\/missludo.com\/test\/wp-json\/wp\/v2\/comments?post=11769"}],"version-history":[{"count":1,"href":"https:\/\/missludo.com\/test\/wp-json\/wp\/v2\/pages\/11769\/revisions"}],"predecessor-version":[{"id":11770,"href":"https:\/\/missludo.com\/test\/wp-json\/wp\/v2\/pages\/11769\/revisions\/11770"}],"wp:attachment":[{"href":"https:\/\/missludo.com\/test\/wp-json\/wp\/v2\/media?parent=11769"}],"curies":[{"name":"wp","href":"https:\/\/api.w.org\/{rel}","templated":true}]}}