{"id":13122,"date":"2026-05-06T14:44:13","date_gmt":"2026-05-06T14:44:13","guid":{"rendered":"https:\/\/missludo.com\/test\/prodotto\/comodino-etnico-legno-suar-massello-sgabello-spirale-tavolino-rotondo\/"},"modified":"2026-05-06T14:44:14","modified_gmt":"2026-05-06T14:44:14","slug":"comodino-etnico-legno-suar-massello-sgabello-spirale-tavolino-rotondo","status":"publish","type":"product","link":"https:\/\/missludo.com\/test\/prodotto\/comodino-etnico-legno-suar-massello-sgabello-spirale-tavolino-rotondo\/","title":{"rendered":"Comodino Etnico Legno Suar Massello Sgabello Spirale Tavolino Rotondo"},"content":{"rendered":"<p>Comodino etnico artigianale realizzato da un unico tronco intero di legno Suar massello, scolpito a mano per valorizzare le curve naturali del legno e le sue venature uniche. La particolare forma a clessidra quadrata dona movimento e carattere all\u2019oggetto, rendendolo un vero elemento di design scultoreo.<br data-start=\"635\" data-end=\"638\">Perfetto come comodino, sgabello, tavolino laterale o piedistallo decorativo, questo arredo unisce funzionalit\u00e0 ed estetica naturale. Ogni pezzo \u00e8 unico e irripetibile, con tonalit\u00e0 calde, nodi e sfumature che raccontano la storia del legno. Ideale per ambienti etnici, boho, rustici, wabi-sabi o contemporanei che vogliono un tocco autentico e materico.<br data-start=\"992\" data-end=\"995\">Dimensioni compatte ma presenza scenica importante: un complemento d\u2019arredo solido, stabile e senza tempo.<\/p>\n<p>Misure: 35 cm diametro, 45 cm altezza c.a.\u00a0<\/p>\n<p><img decoding=\"async\" src=\"https:\/\/cdn.shopify.com\/s\/files\/1\/0873\/2573\/7292\/files\/Sgabello_etnico_tavolino_clessidra_tronco_intero_legno_suar_alzata_piedistallo_rustico_1.jpg?v=1769255344\" alt=\"\"><\/p>\n<ul data-start=\"1132\" data-end=\"1565\">\n<li data-start=\"1132\" data-end=\"1195\">\n<p data-start=\"1134\" data-end=\"1195\">Realizzato a mano da <strong data-start=\"1155\" data-end=\"1195\">tronco intero di legno suar massello<\/strong><\/p>\n<\/li>\n<li data-start=\"1196\" data-end=\"1257\">\n<p data-start=\"1198\" data-end=\"1257\"><strong data-start=\"1198\" data-end=\"1213\">Pezzo unico<\/strong>: venature, colori e forme sempre differenti<\/p>\n<\/li>\n<li data-start=\"1258\" data-end=\"1307\">\n<p data-start=\"1260\" data-end=\"1307\">Design scultoreo <strong data-start=\"1277\" data-end=\"1307\">modello clessidraspirale quadrato<\/strong><\/p>\n<\/li>\n<li data-start=\"1308\" data-end=\"1374\">\n<p data-start=\"1310\" data-end=\"1374\">Utilizzabile come <strong data-start=\"1328\" data-end=\"1374\">comodino, sgabello, tavolino o piedistallo<\/strong><\/p>\n<\/li>\n<li data-start=\"1375\" data-end=\"1417\">\n<p data-start=\"1377\" data-end=\"1417\">Stile etnico, naturale, boho e wabi-sabi<\/p>\n<\/li>\n<li data-start=\"1418\" data-end=\"1458\">\n<p data-start=\"1420\" data-end=\"1458\">Struttura solida, stabile e resistente<\/p>\n<\/li>\n<li data-start=\"1459\" data-end=\"1517\">\n<p data-start=\"1461\" data-end=\"1517\">Finitura che esalta la <strong data-start=\"1484\" data-end=\"1517\">matericit\u00e0 del legno naturale<\/strong><\/p>\n<\/li>\n<li data-start=\"1518\" data-end=\"1565\">\n<p data-start=\"1520\" data-end=\"1565\">Ideale per interni dal forte impatto estetico<\/p>\n<\/li>\n<li data-start=\"1518\" data-end=\"1565\">Misure 35 cm diametro 45 cm altezza c.a.\u00a0<\/li>\n<\/ul>\n","protected":false},"excerpt":{"rendered":"<p>Comodino etnico artigianale realizzato da un unico tronco intero di legno Suar massello, scolpito a mano per valorizzare le curve naturali del legno e le&#8230;<\/p>\n","protected":false},"featured_media":13124,"comment_status":"closed","ping_status":"open","template":"","meta":[],"product_brand":[],"product_cat":[114,115,112,113],"product_tag":[],"class_list":{"0":"post-13122","1":"product","2":"type-product","3":"status-publish","4":"has-post-thumbnail","6":"product_cat-accent-tables","7":"product_cat-end-tables","8":"product_cat-furniture","9":"product_cat-tables","11":"first","12":"instock","13":"taxable","14":"shipping-taxable","15":"purchasable","16":"product-type-simple"},"aioseo_notices":[],"etheme_brands":{"errors":{"invalid_taxonomy":["Tassonomia non valida."]},"error_data":[]},"_links":{"self":[{"href":"https:\/\/missludo.com\/test\/wp-json\/wp\/v2\/product\/13122","targetHints":{"allow":["GET"]}}],"collection":[{"href":"https:\/\/missludo.com\/test\/wp-json\/wp\/v2\/product"}],"about":[{"href":"https:\/\/missludo.com\/test\/wp-json\/wp\/v2\/types\/product"}],"replies":[{"embeddable":true,"href":"https:\/\/missludo.com\/test\/wp-json\/wp\/v2\/comments?post=13122"}],"version-history":[{"count":1,"href":"https:\/\/missludo.com\/test\/wp-json\/wp\/v2\/product\/13122\/revisions"}],"predecessor-version":[{"id":13123,"href":"https:\/\/missludo.com\/test\/wp-json\/wp\/v2\/product\/13122\/revisions\/13123"}],"wp:featuredmedia":[{"embeddable":true,"href":"https:\/\/missludo.com\/test\/wp-json\/wp\/v2\/media\/13124"}],"wp:attachment":[{"href":"https:\/\/missludo.com\/test\/wp-json\/wp\/v2\/media?parent=13122"}],"wp:term":[{"taxonomy":"product_brand","embeddable":true,"href":"https:\/\/missludo.com\/test\/wp-json\/wp\/v2\/product_brand?post=13122"},{"taxonomy":"product_cat","embeddable":true,"href":"https:\/\/missludo.com\/test\/wp-json\/wp\/v2\/product_cat?post=13122"},{"taxonomy":"product_tag","embeddable":true,"href":"https:\/\/missludo.com\/test\/wp-json\/wp\/v2\/product_tag?post=13122"}],"curies":[{"name":"wp","href":"https:\/\/api.w.org\/{rel}","templated":true}]}}