{"id":13140,"date":"2026-05-06T14:44:23","date_gmt":"2026-05-06T14:44:23","guid":{"rendered":"https:\/\/missludo.com\/test\/prodotto\/armadio-etnico-flintstones-in-legno-teak-massello-intagliato\/"},"modified":"2026-05-06T14:44:24","modified_gmt":"2026-05-06T14:44:24","slug":"armadio-etnico-flintstones-in-legno-teak-massello-intagliato","status":"publish","type":"product","link":"https:\/\/missludo.com\/test\/prodotto\/armadio-etnico-flintstones-in-legno-teak-massello-intagliato\/","title":{"rendered":"Armadio etnico Flintstones in legno teak massello intagliato"},"content":{"rendered":"<p>L\u2019armadio etnico della <strong data-start=\"136\" data-end=\"156\">linea Flintstones<\/strong> \u00e8 un arredo di grande personalit\u00e0, realizzato in pregiato legno teak massello selezionato per garantire solidit\u00e0, durata e bellezza naturale. Ogni mobile \u00e8 caratterizzato da venature uniche che rendono ogni pezzo irripetibile. Le ante sono arricchite da raffinati intagli orientali, eseguiti con lavorazione artigianale, che donano un forte impatto decorativo e un autentico stile etnico-rustico.<br data-start=\"553\" data-end=\"556\">La struttura robusta ospita un comodo vano guardaroba ideale per abiti, cappotti e tessili, mentre il cassetto inferiore integrato offre uno spazio pratico per biancheria e accessori. Lo stile rustico orientale della linea Flintstones si adatta perfettamente ad ambienti etnici, boho, coloniali o naturali, valorizzando camere da letto, soggiorni o spazi living. Un armadio pensato per chi cerca un mobile funzionale, caldo e ricco di fascino senza tempo.<\/p>\n<p>Misure : 112 cm x 57 cm x 204 cm altezza<\/p>\n<ul>\n<li>\n<p>Armadio della linea Flintstones dal forte carattere etnico<\/p>\n<\/li>\n<li>\n<p>Realizzato in autentico legno teak massello<\/p>\n<\/li>\n<li>\n<p>Intagli orientali decorativi lavorati artigianalmente<\/p>\n<\/li>\n<li>\n<p>Ampio spazio interno ad uso guardaroba<\/p>\n<\/li>\n<li>\n<p>Cassetto inferiore pratico e funzionale<\/p>\n<\/li>\n<li>\n<p>Struttura solida e resistente nel tempo<\/p>\n<\/li>\n<li>\n<p>Stile rustico-orientale caldo e raffinato<\/p>\n<\/li>\n<li>\n<p>Ogni pezzo \u00e8 unico grazie alle venature naturali del legno<img decoding=\"async\" src=\"https:\/\/cdn.shopify.com\/s\/files\/1\/0873\/2573\/7292\/files\/Armadio_etnico_in_legno_teak_massello_linea_flinstone_guardarobba_rustico_con_intagli_floreali_e_cassetto_7.jpg?v=1769017215\" alt=\"\"><\/p>\n<\/li>\n<\/ul>\n","protected":false},"excerpt":{"rendered":"<p>L\u2019armadio etnico della linea Flintstones \u00e8 un arredo di grande personalit\u00e0, realizzato in pregiato legno teak massello selezionato per garantire solidit\u00e0, durata e bellezza naturale&#8230;.<\/p>\n","protected":false},"featured_media":13142,"comment_status":"closed","ping_status":"open","template":"","meta":[],"product_brand":[],"product_cat":[118,116,112,119],"product_tag":[],"class_list":{"0":"post-13140","1":"product","2":"type-product","3":"status-publish","4":"has-post-thumbnail","6":"product_cat-armoires-wardrobes","7":"product_cat-cabinets-storage","8":"product_cat-furniture","9":"product_cat-hinged-door-wardrobes","11":"first","12":"instock","13":"taxable","14":"shipping-taxable","15":"purchasable","16":"product-type-simple"},"aioseo_notices":[],"etheme_brands":{"errors":{"invalid_taxonomy":["Tassonomia non valida."]},"error_data":[]},"_links":{"self":[{"href":"https:\/\/missludo.com\/test\/wp-json\/wp\/v2\/product\/13140","targetHints":{"allow":["GET"]}}],"collection":[{"href":"https:\/\/missludo.com\/test\/wp-json\/wp\/v2\/product"}],"about":[{"href":"https:\/\/missludo.com\/test\/wp-json\/wp\/v2\/types\/product"}],"replies":[{"embeddable":true,"href":"https:\/\/missludo.com\/test\/wp-json\/wp\/v2\/comments?post=13140"}],"version-history":[{"count":1,"href":"https:\/\/missludo.com\/test\/wp-json\/wp\/v2\/product\/13140\/revisions"}],"predecessor-version":[{"id":13141,"href":"https:\/\/missludo.com\/test\/wp-json\/wp\/v2\/product\/13140\/revisions\/13141"}],"wp:featuredmedia":[{"embeddable":true,"href":"https:\/\/missludo.com\/test\/wp-json\/wp\/v2\/media\/13142"}],"wp:attachment":[{"href":"https:\/\/missludo.com\/test\/wp-json\/wp\/v2\/media?parent=13140"}],"wp:term":[{"taxonomy":"product_brand","embeddable":true,"href":"https:\/\/missludo.com\/test\/wp-json\/wp\/v2\/product_brand?post=13140"},{"taxonomy":"product_cat","embeddable":true,"href":"https:\/\/missludo.com\/test\/wp-json\/wp\/v2\/product_cat?post=13140"},{"taxonomy":"product_tag","embeddable":true,"href":"https:\/\/missludo.com\/test\/wp-json\/wp\/v2\/product_tag?post=13140"}],"curies":[{"name":"wp","href":"https:\/\/api.w.org\/{rel}","templated":true}]}}