{"id":13146,"date":"2026-05-06T14:44:27","date_gmt":"2026-05-06T14:44:27","guid":{"rendered":"https:\/\/missludo.com\/test\/prodotto\/libreria-etnica-yin-yang-rotonda-in-teak-massello-divisibile\/"},"modified":"2026-05-06T14:44:27","modified_gmt":"2026-05-06T14:44:27","slug":"libreria-etnica-yin-yang-rotonda-in-teak-massello-divisibile","status":"publish","type":"product","link":"https:\/\/missludo.com\/test\/prodotto\/libreria-etnica-yin-yang-rotonda-in-teak-massello-divisibile\/","title":{"rendered":"Libreria Etnica Yin Yang Rotonda in Teak Massello Divisibile"},"content":{"rendered":"<p>Questa\u00a0<strong>libreria etnica Yin Yang rotonda in legno di teak massello<\/strong> \u00e8 un complemento d\u2019arredo di grande impatto estetico, capace di unire <strong>design simbolico, funzionalit\u00e0 e artigianato di alta qualit\u00e0<\/strong>. Ispirata al simbolo orientale dello Yin e Yang, rappresenta equilibrio, armonia ed energia positiva, rendendola perfetta per ambienti eleganti, zen o contemporanei.<\/p>\n<p>Realizzata interamente in <strong>teak massello<\/strong>, uno dei legni pi\u00f9 pregiati e resistenti, questa libreria garantisce <strong>durabilit\u00e0 nel tempo, stabilit\u00e0 strutturale e una bellezza naturale unica<\/strong>, valorizzata dalle venature calde e irregolari del legno. Ogni pezzo \u00e8 unico, grazie alla lavorazione artigianale e alle caratteristiche naturali del materiale.<\/p>\n<p>La struttura <strong>rotonda e divisibile<\/strong> permette un utilizzo estremamente versatile: pu\u00f2 essere posizionata come <strong>parete attrezzata<\/strong>, come libreria a muro o come elemento scenografico al centro della stanza. La divisione Yin Yang crea vani a giorno ideali per libri, oggetti decorativi, piante, sculture o collezioni.<\/p>\n<p>Dotata di <strong>4 pratici cassetti integrati<\/strong>, offre anche uno spazio contenitivo discreto e funzionale, perfetto per riporre documenti, accessori o piccoli oggetti, mantenendo l\u2019ambiente ordinato senza rinunciare all\u2019eleganza.<\/p>\n<p>Perfetta per <strong>soggiorni, salotti, studi professionali, ambienti commerciali, hotel, spa o negozi di design<\/strong>, questa libreria rappresenta una vera e propria <strong>opera d\u2019arte d\u2019arredo<\/strong>, capace di diventare il punto focale della stanza. Ideale per chi ama l\u2019<strong>arredamento etnico, orientale, naturale o feng shui<\/strong>, e cerca un mobile esclusivo, raffinato e senza tempo.<\/p>\n<p>Un arredo di carattere, pensato per chi desidera distinguersi con stile e autenticit\u00e0.<\/p>\n<p>Misure : 155 x 151 x 38 cm circa<br \/>Spedizione assicurata inclusa su pedana di legno per l&#8217;Italia<\/p>\n<div class=\"flex flex-col text-sm pb-25\">\n<article class=\"text-token-text-primary w-full focus:outline-none [--shadow-height:45px] has-data-writing-block:pointer-events-none has-data-writing-block:-mt-(--shadow-height) has-data-writing-block:pt-(--shadow-height) [&amp;:has([data-writing-block])&gt;*]:pointer-events-auto scroll-mt-[calc(var(--header-height)+min(200px,max(70px,20svh)))]\" dir=\"auto\" data-turn-id=\"request-WEB:7865b617-d40e-48b0-ab55-6f12ad24fa93-1\" data-testid=\"conversation-turn-4\" data-scroll-anchor=\"true\" data-turn=\"assistant\" tabindex=\"-1\">\n<div class=\"text-base my-auto mx-auto pb-10 [--thread-content-margin:--spacing(4)] @w-sm\/main:[--thread-content-margin:--spacing(6)] @w-lg\/main:[--thread-content-margin:--spacing(16)] px-(--thread-content-margin)\">\n<div class=\"[--thread-content-max-width:40rem] @w-lg\/main:[--thread-content-max-width:48rem] mx-auto max-w-(--thread-content-max-width) flex-1 group\/turn-messages focus-visible:outline-hidden relative flex w-full min-w-0 flex-col agent-turn\" tabindex=\"-1\">\n<div class=\"flex max-w-full flex-col grow\">\n<div data-message-author-role=\"assistant\" data-message-id=\"5ff37472-db85-4494-b751-ef539e9cf1fd\" dir=\"auto\" class=\"min-h-8 text-message relative flex w-full flex-col items-end gap-2 text-start break-words whitespace-normal [.text-message+&amp;]:mt-1\" data-message-model-slug=\"gpt-5-2\">\n<div class=\"flex w-full flex-col gap-1 empty:hidden first:pt-[1px]\">\n<div class=\"markdown prose dark:prose-invert w-full break-words light markdown-new-styling\">\n<ul data-start=\"67\" data-end=\"1022\" data-is-last-node=\"\" data-is-only-node=\"\">\n<li data-start=\"67\" data-end=\"205\">\n<p data-start=\"69\" data-end=\"205\"><strong data-start=\"69\" data-end=\"98\">Design Yin Yang simbolico<\/strong> \u2013 Libreria rotonda ispirata alla filosofia orientale, simbolo di equilibrio, armonia ed energia positiva<\/p>\n<\/li>\n<li data-start=\"206\" data-end=\"335\">\n<p data-start=\"208\" data-end=\"335\"><strong data-start=\"208\" data-end=\"241\">Teak massello di alta qualit\u00e0<\/strong> \u2013 Realizzata in legno teak naturale, resistente, durevole e dalle venature calde e pregiate<\/p>\n<\/li>\n<li data-start=\"336\" data-end=\"469\">\n<p data-start=\"338\" data-end=\"469\"><strong data-start=\"338\" data-end=\"370\">Struttura rotonda divisibile<\/strong> \u2013 Pu\u00f2 essere utilizzata intera o separata, ideale come parete attrezzata o elemento scenografico<\/p>\n<\/li>\n<li data-start=\"470\" data-end=\"581\">\n<p data-start=\"472\" data-end=\"581\"><strong data-start=\"472\" data-end=\"496\">4 cassetti integrati<\/strong> \u2013 Spazi contenitivi pratici e discreti per mantenere l\u2019ambiente ordinato con stile<\/p>\n<\/li>\n<li data-start=\"582\" data-end=\"687\">\n<p data-start=\"584\" data-end=\"687\"><strong data-start=\"584\" data-end=\"616\">Artigianato etnico autentico<\/strong> \u2013 Mobile lavorato artigianalmente, ogni pezzo \u00e8 unico e irripetibile<\/p>\n<\/li>\n<li data-start=\"688\" data-end=\"802\">\n<p data-start=\"690\" data-end=\"802\"><strong data-start=\"690\" data-end=\"714\">Versatilit\u00e0 d\u2019arredo<\/strong> \u2013 Perfetta per soggiorno, salotto, studio, ufficio, hotel, spa o ambienti commerciali<\/p>\n<\/li>\n<li data-start=\"803\" data-end=\"910\">\n<p data-start=\"805\" data-end=\"910\"><strong data-start=\"805\" data-end=\"846\">Elemento decorativo di grande impatto<\/strong> \u2013 Libreria scultorea che diventa il punto focale della stanza<\/p>\n<\/li>\n<li data-start=\"911\" data-end=\"1022\" data-is-last-node=\"\">\n<p data-start=\"913\" data-end=\"1022\" data-is-last-node=\"\"><strong data-start=\"913\" data-end=\"955\">Ideale per arredamento zen e feng shui<\/strong> \u2013 Dona calore, naturalezza e un\u2019atmosfera rilassante agli ambienti<img decoding=\"async\" src=\"https:\/\/cdn.shopify.com\/s\/files\/1\/0873\/2573\/7292\/files\/LIBRERIA_ROTONDA_YIN_YANG_ESPOSITORE_PARETE_ATTREZZATA_DIVISIBILE_IN_LEGNO_TEAK_MASSELLO_7.jpg?v=1768387009\" alt=\"\"><\/p>\n<\/li>\n<\/ul>\n<\/div>\n<\/div>\n<\/div>\n<\/div>\n<div class=\"z-0 flex min-h-[46px] justify-start\"><\/div>\n<\/div>\n<\/div>\n<\/article>\n<\/div>\n<p><\/p>\n","protected":false},"excerpt":{"rendered":"<p>Questa\u00a0libreria etnica Yin Yang rotonda in legno di teak massello \u00e8 un complemento d\u2019arredo di grande impatto estetico, capace di unire design simbolico, funzionalit\u00e0 e&#8230;<\/p>\n","protected":false},"featured_media":13148,"comment_status":"closed","ping_status":"open","template":"","meta":[],"product_brand":[],"product_cat":[122,112,123,121],"product_tag":[],"class_list":{"0":"post-13146","1":"product","2":"type-product","3":"status-publish","4":"has-post-thumbnail","6":"product_cat-bookcases-standing-shelves","7":"product_cat-furniture","8":"product_cat-modular-bookcases-shelves","9":"product_cat-shelving","11":"first","12":"outofstock","13":"taxable","14":"shipping-taxable","15":"purchasable","16":"product-type-simple"},"aioseo_notices":[],"etheme_brands":{"errors":{"invalid_taxonomy":["Tassonomia non valida."]},"error_data":[]},"_links":{"self":[{"href":"https:\/\/missludo.com\/test\/wp-json\/wp\/v2\/product\/13146","targetHints":{"allow":["GET"]}}],"collection":[{"href":"https:\/\/missludo.com\/test\/wp-json\/wp\/v2\/product"}],"about":[{"href":"https:\/\/missludo.com\/test\/wp-json\/wp\/v2\/types\/product"}],"replies":[{"embeddable":true,"href":"https:\/\/missludo.com\/test\/wp-json\/wp\/v2\/comments?post=13146"}],"version-history":[{"count":1,"href":"https:\/\/missludo.com\/test\/wp-json\/wp\/v2\/product\/13146\/revisions"}],"predecessor-version":[{"id":13147,"href":"https:\/\/missludo.com\/test\/wp-json\/wp\/v2\/product\/13146\/revisions\/13147"}],"wp:featuredmedia":[{"embeddable":true,"href":"https:\/\/missludo.com\/test\/wp-json\/wp\/v2\/media\/13148"}],"wp:attachment":[{"href":"https:\/\/missludo.com\/test\/wp-json\/wp\/v2\/media?parent=13146"}],"wp:term":[{"taxonomy":"product_brand","embeddable":true,"href":"https:\/\/missludo.com\/test\/wp-json\/wp\/v2\/product_brand?post=13146"},{"taxonomy":"product_cat","embeddable":true,"href":"https:\/\/missludo.com\/test\/wp-json\/wp\/v2\/product_cat?post=13146"},{"taxonomy":"product_tag","embeddable":true,"href":"https:\/\/missludo.com\/test\/wp-json\/wp\/v2\/product_tag?post=13146"}],"curies":[{"name":"wp","href":"https:\/\/api.w.org\/{rel}","templated":true}]}}