{"id":13552,"date":"2026-05-06T14:49:17","date_gmt":"2026-05-06T14:49:17","guid":{"rendered":"https:\/\/missludo.com\/test\/prodotto\/piantana-in-madre-perla-bambu-e-ferro-battuto\/"},"modified":"2026-05-06T14:49:17","modified_gmt":"2026-05-06T14:49:17","slug":"piantana-in-madre-perla-bambu-e-ferro-battuto","status":"publish","type":"product","link":"https:\/\/missludo.com\/test\/prodotto\/piantana-in-madre-perla-bambu-e-ferro-battuto\/","title":{"rendered":"Piantana in madre perla bamb\u00f9 e ferro battuto"},"content":{"rendered":"<p data-start=\"46\" data-end=\"101\">  <strong data-start=\"49\" data-end=\"98\">Piantana in Madreperla, Bamb\u00f9 e Ferro Battuto<\/strong>  <\/p>\n<p data-start=\"103\" data-end=\"278\">Splendida piantana artigianale che unisce la lucentezza della <strong data-start=\"165\" data-end=\"179\">madreperla<\/strong>, la naturalezza del <strong data-start=\"200\" data-end=\"209\">bamb\u00f9<\/strong> e la solidit\u00e0 del <strong data-start=\"228\" data-end=\"245\">ferro battuto<\/strong> per un design unico e raffinato.<\/p>\n<p data-start=\"280\" data-end=\"367\">\u2705 <strong data-start=\"282\" data-end=\"305\">Madreperla luminosa<\/strong><br data-start=\"305\" data-end=\"308\">Dettagli brillanti che donano eleganza e luce all\u2019ambiente.<\/p>\n<p data-start=\"369\" data-end=\"504\">\u2705 <strong data-start=\"371\" data-end=\"409\">Struttura in bamb\u00f9 e ferro battuto<\/strong><br data-start=\"409\" data-end=\"412\">Combinazione di materiali naturali e robusti, perfetta per uno stile etnico e contemporaneo.<\/p>\n<p data-start=\"506\" data-end=\"605\">\u2705 <strong data-start=\"508\" data-end=\"528\">Design esclusivo<\/strong><br data-start=\"528\" data-end=\"531\">Forme armoniose e originali che arricchiscono ogni spazio con personalit\u00e0.<\/p>\n<p data-start=\"607\" data-end=\"692\">\u2705 <strong data-start=\"609\" data-end=\"630\">Realizzata a mano<\/strong><br data-start=\"630\" data-end=\"633\">Pezzo unico, curato in ogni dettaglio da artigiani esperti.<\/p>\n<p data-start=\"694\" data-end=\"786\">\u2705 <strong data-start=\"696\" data-end=\"712\">Perfetta per<\/strong><br data-start=\"712\" data-end=\"715\">Illuminare con stile <strong data-start=\"736\" data-end=\"785\">soggiorni, ingressi, studi e ambienti esotici<\/strong>.<\/p>\n<p data-start=\"788\" data-end=\"823\">  <strong data-start=\"791\" data-end=\"806\">Dimensioni:<\/strong> 21 \u00d7 20 \u00d7 150 cm<\/p>\n<p data-start=\"825\" data-end=\"927\">\u2728 Dona al tuo spazio un tocco di luce naturale e artigianato autentico con questa piantana elegante. \u2728<\/p>\n<p data-start=\"929\" data-end=\"991\">  <strong data-start=\"932\" data-end=\"946\">Contattaci<\/strong> per maggiori informazioni o per acquistarla!<\/p>\n","protected":false},"excerpt":{"rendered":"<p>Piantana in Madreperla, Bamb\u00f9 e Ferro Battuto Splendida piantana artigianale che unisce la lucentezza della madreperla, la naturalezza del bamb\u00f9 e la solidit\u00e0 del ferro&#8230;<\/p>\n","protected":false},"featured_media":13554,"comment_status":"closed","ping_status":"open","template":"","meta":[],"product_brand":[],"product_cat":[109,178],"product_tag":[],"class_list":{"0":"post-13552","1":"product","2":"type-product","3":"status-publish","4":"has-post-thumbnail","6":"product_cat-home-garden","7":"product_cat-lighting-home-garden","9":"first","10":"instock","11":"taxable","12":"shipping-taxable","13":"purchasable","14":"product-type-simple"},"aioseo_notices":[],"etheme_brands":{"errors":{"invalid_taxonomy":["Tassonomia non valida."]},"error_data":[]},"_links":{"self":[{"href":"https:\/\/missludo.com\/test\/wp-json\/wp\/v2\/product\/13552","targetHints":{"allow":["GET"]}}],"collection":[{"href":"https:\/\/missludo.com\/test\/wp-json\/wp\/v2\/product"}],"about":[{"href":"https:\/\/missludo.com\/test\/wp-json\/wp\/v2\/types\/product"}],"replies":[{"embeddable":true,"href":"https:\/\/missludo.com\/test\/wp-json\/wp\/v2\/comments?post=13552"}],"version-history":[{"count":1,"href":"https:\/\/missludo.com\/test\/wp-json\/wp\/v2\/product\/13552\/revisions"}],"predecessor-version":[{"id":13553,"href":"https:\/\/missludo.com\/test\/wp-json\/wp\/v2\/product\/13552\/revisions\/13553"}],"wp:featuredmedia":[{"embeddable":true,"href":"https:\/\/missludo.com\/test\/wp-json\/wp\/v2\/media\/13554"}],"wp:attachment":[{"href":"https:\/\/missludo.com\/test\/wp-json\/wp\/v2\/media?parent=13552"}],"wp:term":[{"taxonomy":"product_brand","embeddable":true,"href":"https:\/\/missludo.com\/test\/wp-json\/wp\/v2\/product_brand?post=13552"},{"taxonomy":"product_cat","embeddable":true,"href":"https:\/\/missludo.com\/test\/wp-json\/wp\/v2\/product_cat?post=13552"},{"taxonomy":"product_tag","embeddable":true,"href":"https:\/\/missludo.com\/test\/wp-json\/wp\/v2\/product_tag?post=13552"}],"curies":[{"name":"wp","href":"https:\/\/api.w.org\/{rel}","templated":true}]}}