{"id":13584,"date":"2026-05-06T14:49:36","date_gmt":"2026-05-06T14:49:36","guid":{"rendered":"https:\/\/missludo.com\/test\/prodotto\/lampadario-in-ferro-battuto-ricamato-e-tessuto-rosso\/"},"modified":"2026-05-06T14:49:37","modified_gmt":"2026-05-06T14:49:37","slug":"lampadario-in-ferro-battuto-ricamato-e-tessuto-rosso","status":"publish","type":"product","link":"https:\/\/missludo.com\/test\/prodotto\/lampadario-in-ferro-battuto-ricamato-e-tessuto-rosso\/","title":{"rendered":"Lampadario in ferro battuto ricamato e tessuto rosso"},"content":{"rendered":"<h3 data-end=\"187\" data-start=\"134\">  Lampadario etnico in ferro ricamato \u2013 Rosso  <\/h3>\n<p data-end=\"365\" data-start=\"189\">Lampadario artigianale in <strong data-end=\"240\" data-start=\"215\">ferro lavorato a mano<\/strong>, con eleganti ricami e un intenso <strong data-end=\"291\" data-start=\"275\">colore rosso<\/strong>, perfetto per creare atmosfere suggestive e accoglienti in ogni ambiente.<\/p>\n<p data-end=\"402\" data-start=\"372\"><strong data-end=\"402\" data-start=\"372\">CARATTERISTICHE PRINCIPALI<\/strong><\/p>\n<p data-end=\"498\" data-start=\"404\">\u2705 <strong data-end=\"433\" data-start=\"406\">Stile etnico raffinato:<\/strong><br data-end=\"436\" data-start=\"433\">Ideale per ambienti boho, o dal carattere esotico e originale.<\/p>\n<p data-end=\"637\" data-start=\"500\">\u2705 <strong data-end=\"526\" data-start=\"502\">Materiali autentici:<\/strong><br data-end=\"529\" data-start=\"526\">Struttura interamente in <strong data-end=\"572\" data-start=\"554\">ferro ricamato<\/strong>, con dettagli intagliati che creano giochi di luce affascinanti.<\/p>\n<p data-end=\"774\" data-start=\"639\">\u2705 <strong data-end=\"667\" data-start=\"641\">Decorativo e luminoso:<\/strong><br data-end=\"670\" data-start=\"667\">Perfetto come punto luce per salotto, corridoio, camera o angolo lettura, aggiunge calore e personalit\u00e0.<\/p>\n<p data-end=\"928\" data-start=\"776\">\u2705 <strong data-end=\"802\" data-start=\"778\">Dimensioni compatte:<\/strong><br data-end=\"805\" data-start=\"802\">24 \u00d7 24 \u00d7 24 cm, altezza totale con gancio 40 cm, ideale anche per spazi pi\u00f9 raccolti senza rinunciare all\u2019effetto scenico.<\/p>\n<p data-end=\"1064\" data-start=\"930\">\u2705 <strong data-end=\"957\" data-start=\"932\">Variante disponibile:<\/strong><br data-end=\"960\" data-start=\"957\">Disponibile anche in altri colori e dimensioni per adattarsi perfettamente al tuo stile e ai tuoi spazi.<\/p>\n<p data-end=\"1236\" data-start=\"1071\">\u2728\u00a0<strong data-end=\"1174\" data-start=\"1073\">Dona ai tuoi ambienti un&#8217;atmosfera esotica e accogliente con questo lampadario in ferro ricamato.<\/strong> \u2728<br data-end=\"1179\" data-start=\"1176\">  <strong data-end=\"1236\" data-start=\"1182\">Contattaci su WhatsApp per info o per acquistarlo!<\/strong><\/p>\n","protected":false},"excerpt":{"rendered":"<p>Lampadario etnico in ferro ricamato \u2013 Rosso Lampadario artigianale in ferro lavorato a mano, con eleganti ricami e un intenso colore rosso, perfetto per creare&#8230;<\/p>\n","protected":false},"featured_media":13586,"comment_status":"closed","ping_status":"open","template":"","meta":[],"product_brand":[],"product_cat":[182,109,178,181],"product_tag":[],"class_list":{"0":"post-13584","1":"product","2":"type-product","3":"status-publish","4":"has-post-thumbnail","6":"product_cat-ceiling-light-fixtures","7":"product_cat-home-garden","8":"product_cat-lighting-home-garden","9":"product_cat-lighting-fixtures","11":"first","12":"instock","13":"taxable","14":"shipping-taxable","15":"purchasable","16":"product-type-simple"},"aioseo_notices":[],"etheme_brands":{"errors":{"invalid_taxonomy":["Tassonomia non valida."]},"error_data":[]},"_links":{"self":[{"href":"https:\/\/missludo.com\/test\/wp-json\/wp\/v2\/product\/13584","targetHints":{"allow":["GET"]}}],"collection":[{"href":"https:\/\/missludo.com\/test\/wp-json\/wp\/v2\/product"}],"about":[{"href":"https:\/\/missludo.com\/test\/wp-json\/wp\/v2\/types\/product"}],"replies":[{"embeddable":true,"href":"https:\/\/missludo.com\/test\/wp-json\/wp\/v2\/comments?post=13584"}],"version-history":[{"count":1,"href":"https:\/\/missludo.com\/test\/wp-json\/wp\/v2\/product\/13584\/revisions"}],"predecessor-version":[{"id":13585,"href":"https:\/\/missludo.com\/test\/wp-json\/wp\/v2\/product\/13584\/revisions\/13585"}],"wp:featuredmedia":[{"embeddable":true,"href":"https:\/\/missludo.com\/test\/wp-json\/wp\/v2\/media\/13586"}],"wp:attachment":[{"href":"https:\/\/missludo.com\/test\/wp-json\/wp\/v2\/media?parent=13584"}],"wp:term":[{"taxonomy":"product_brand","embeddable":true,"href":"https:\/\/missludo.com\/test\/wp-json\/wp\/v2\/product_brand?post=13584"},{"taxonomy":"product_cat","embeddable":true,"href":"https:\/\/missludo.com\/test\/wp-json\/wp\/v2\/product_cat?post=13584"},{"taxonomy":"product_tag","embeddable":true,"href":"https:\/\/missludo.com\/test\/wp-json\/wp\/v2\/product_tag?post=13584"}],"curies":[{"name":"wp","href":"https:\/\/api.w.org\/{rel}","templated":true}]}}