{"id":13931,"date":"2026-05-06T14:53:31","date_gmt":"2026-05-06T14:53:31","guid":{"rendered":"https:\/\/missludo.com\/test\/prodotto\/vetrinetta-espositore-esagonale-arte-povera\/"},"modified":"2026-05-06T14:53:31","modified_gmt":"2026-05-06T14:53:31","slug":"vetrinetta-espositore-esagonale-arte-povera","status":"publish","type":"product","link":"https:\/\/missludo.com\/test\/prodotto\/vetrinetta-espositore-esagonale-arte-povera\/","title":{"rendered":"Vetrinetta espositore esagonale arte povera"},"content":{"rendered":"<p>Vetrinetta esagonale alta in legno teak<\/p>\n<p> Elegante e raffinata, questa vetrinetta in legno di teak massello con finiture naturali \u00e8 perfetta per chi cerca un design semplice e autentico. La bellezza naturale del legno \u00e8 esaltata dalla sua finitura, che la rende ideale per ogni tipo di ambiente, dal salotto alla cucina.<\/p>\n<p> Caratteristiche principali:<\/p>\n<p>\n\u2705 Materiali pregiati:<br \/>\n Realizzata in legno di teak massello, noto per la sua resistenza e durata nel tempo.<\/p>\n<p>\n\u2705 Design naturale:<br \/>\n Le finiture naturali evidenziano la bellezza del legno, rendendo la vetrinetta un pezzo versatile per ogni stile d&#8217;arredo.<\/p>\n<p>\n\u2705 Lavorazione artigianale:<br \/>\n Ogni pezzo \u00e8 frutto di un&#8217;attenta lavorazione manuale, che garantisce qualit\u00e0 e unicit\u00e0.<\/p>\n<p>\n\u2705 Dimensioni pratiche:<br \/>\n 120 x 61 x 54 cm, ideale per esporre e organizzare oggetti con stile.<\/p>\n<p>\n\u2705 Versatile e funzionale:<br \/>\n Perfetta per salotti, ingressi, cucine e altri spazi, combinando eleganza e praticit\u00e0.<\/p>\n<p> \u2728 Aggiungi un tocco di classe e funzionalit\u00e0 alla tua casa con questa vetrinetta in legno di teak massello dalle finiture naturali! \u2728<\/p>\n<p>\n  Contattaci su WhatsApp per maggiori informazioni o per acquistarlo!<\/p>\n","protected":false},"excerpt":{"rendered":"<p>Vetrinetta esagonale alta in legno teak Elegante e raffinata, questa vetrinetta in legno di teak massello con finiture naturali \u00e8 perfetta per chi cerca un&#8230;<\/p>\n","protected":false},"featured_media":13933,"comment_status":"closed","ping_status":"open","template":"","meta":[],"product_brand":[],"product_cat":[116,139,208,112],"product_tag":[],"class_list":{"0":"post-13931","1":"product","2":"type-product","3":"status-publish","4":"has-post-thumbnail","6":"product_cat-cabinets-storage","7":"product_cat-china-cabinets-hutches","8":"product_cat-corner-display-cabinets","9":"product_cat-furniture","11":"first","12":"instock","13":"taxable","14":"shipping-taxable","15":"purchasable","16":"product-type-simple"},"aioseo_notices":[],"etheme_brands":{"errors":{"invalid_taxonomy":["Tassonomia non valida."]},"error_data":[]},"_links":{"self":[{"href":"https:\/\/missludo.com\/test\/wp-json\/wp\/v2\/product\/13931","targetHints":{"allow":["GET"]}}],"collection":[{"href":"https:\/\/missludo.com\/test\/wp-json\/wp\/v2\/product"}],"about":[{"href":"https:\/\/missludo.com\/test\/wp-json\/wp\/v2\/types\/product"}],"replies":[{"embeddable":true,"href":"https:\/\/missludo.com\/test\/wp-json\/wp\/v2\/comments?post=13931"}],"version-history":[{"count":1,"href":"https:\/\/missludo.com\/test\/wp-json\/wp\/v2\/product\/13931\/revisions"}],"predecessor-version":[{"id":13932,"href":"https:\/\/missludo.com\/test\/wp-json\/wp\/v2\/product\/13931\/revisions\/13932"}],"wp:featuredmedia":[{"embeddable":true,"href":"https:\/\/missludo.com\/test\/wp-json\/wp\/v2\/media\/13933"}],"wp:attachment":[{"href":"https:\/\/missludo.com\/test\/wp-json\/wp\/v2\/media?parent=13931"}],"wp:term":[{"taxonomy":"product_brand","embeddable":true,"href":"https:\/\/missludo.com\/test\/wp-json\/wp\/v2\/product_brand?post=13931"},{"taxonomy":"product_cat","embeddable":true,"href":"https:\/\/missludo.com\/test\/wp-json\/wp\/v2\/product_cat?post=13931"},{"taxonomy":"product_tag","embeddable":true,"href":"https:\/\/missludo.com\/test\/wp-json\/wp\/v2\/product_tag?post=13931"}],"curies":[{"name":"wp","href":"https:\/\/api.w.org\/{rel}","templated":true}]}}