{"id":14086,"date":"2026-05-06T14:55:11","date_gmt":"2026-05-06T14:55:11","guid":{"rendered":"https:\/\/missludo.com\/test\/prodotto\/ganesh-statua-elefante-divinita-indu-stile-etnico\/"},"modified":"2026-05-06T14:55:11","modified_gmt":"2026-05-06T14:55:11","slug":"ganesh-statua-elefante-divinita-indu-stile-etnico","status":"publish","type":"product","link":"https:\/\/missludo.com\/test\/prodotto\/ganesh-statua-elefante-divinita-indu-stile-etnico\/","title":{"rendered":"Ganesh statua elefante divinit\u00e0 Ind\u00f9 stile etnico"},"content":{"rendered":"<p>Statua di Ganesh in Resina &#8211; Divinit\u00e0 Ind\u00f9 Porta Fortuna in Stile Orientale, Color Bronzo e Verde Mare arredamento etnico orientale esotico<\/p>\n","protected":false},"excerpt":{"rendered":"<p>Statua di Ganesh in Resina &#8211; Divinit\u00e0 Ind\u00f9 Porta Fortuna in Stile Orientale, Color Bronzo e Verde Mare arredamento etnico orientale esotico<\/p>\n","protected":false},"featured_media":14088,"comment_status":"closed","ping_status":"open","template":"","meta":[],"product_brand":[],"product_cat":[133,110,109,144],"product_tag":[],"class_list":{"0":"post-14086","1":"product","2":"type-product","3":"status-publish","4":"has-post-thumbnail","6":"product_cat-artwork","7":"product_cat-decor","8":"product_cat-home-garden","9":"product_cat-sculptures-statues","11":"first","12":"instock","13":"taxable","14":"shipping-taxable","15":"purchasable","16":"product-type-simple"},"aioseo_notices":[],"etheme_brands":{"errors":{"invalid_taxonomy":["Tassonomia non valida."]},"error_data":[]},"_links":{"self":[{"href":"https:\/\/missludo.com\/test\/wp-json\/wp\/v2\/product\/14086","targetHints":{"allow":["GET"]}}],"collection":[{"href":"https:\/\/missludo.com\/test\/wp-json\/wp\/v2\/product"}],"about":[{"href":"https:\/\/missludo.com\/test\/wp-json\/wp\/v2\/types\/product"}],"replies":[{"embeddable":true,"href":"https:\/\/missludo.com\/test\/wp-json\/wp\/v2\/comments?post=14086"}],"version-history":[{"count":1,"href":"https:\/\/missludo.com\/test\/wp-json\/wp\/v2\/product\/14086\/revisions"}],"predecessor-version":[{"id":14087,"href":"https:\/\/missludo.com\/test\/wp-json\/wp\/v2\/product\/14086\/revisions\/14087"}],"wp:featuredmedia":[{"embeddable":true,"href":"https:\/\/missludo.com\/test\/wp-json\/wp\/v2\/media\/14088"}],"wp:attachment":[{"href":"https:\/\/missludo.com\/test\/wp-json\/wp\/v2\/media?parent=14086"}],"wp:term":[{"taxonomy":"product_brand","embeddable":true,"href":"https:\/\/missludo.com\/test\/wp-json\/wp\/v2\/product_brand?post=14086"},{"taxonomy":"product_cat","embeddable":true,"href":"https:\/\/missludo.com\/test\/wp-json\/wp\/v2\/product_cat?post=14086"},{"taxonomy":"product_tag","embeddable":true,"href":"https:\/\/missludo.com\/test\/wp-json\/wp\/v2\/product_tag?post=14086"}],"curies":[{"name":"wp","href":"https:\/\/api.w.org\/{rel}","templated":true}]}}