{"id":14167,"date":"2026-05-06T14:56:02","date_gmt":"2026-05-06T14:56:02","guid":{"rendered":"https:\/\/missludo.com\/test\/prodotto\/tappeto-bambu-arredamento-etnico-separe-o-tenda\/"},"modified":"2026-05-06T14:56:04","modified_gmt":"2026-05-06T14:56:04","slug":"tappeto-bambu-arredamento-etnico-separe-o-tenda","status":"publish","type":"product","link":"https:\/\/missludo.com\/test\/prodotto\/tappeto-bambu-arredamento-etnico-separe-o-tenda\/","title":{"rendered":"Tappeto bamb\u00f9 arredamento etnico separ\u00e8 o tenda"},"content":{"rendered":"<p>Tappeto in bamb\u00f9 rosso artigianale arredamento etnico naturale utile come separ\u00e8 o tenda avvolgibile stile naturale rustico ed unico<\/p>\n","protected":false},"excerpt":{"rendered":"<p>Tappeto in bamb\u00f9 rosso artigianale arredamento etnico naturale utile come separ\u00e8 o tenda avvolgibile stile naturale rustico ed unico<\/p>\n","protected":false},"featured_media":14169,"comment_status":"closed","ping_status":"open","template":"","meta":[],"product_brand":[],"product_cat":[112,231],"product_tag":[],"class_list":{"0":"post-14167","1":"product","2":"type-product","3":"status-publish","4":"has-post-thumbnail","6":"product_cat-furniture","7":"product_cat-room-dividers","9":"first","10":"instock","11":"taxable","12":"shipping-taxable","13":"purchasable","14":"product-type-simple"},"aioseo_notices":[],"etheme_brands":{"errors":{"invalid_taxonomy":["Tassonomia non valida."]},"error_data":[]},"_links":{"self":[{"href":"https:\/\/missludo.com\/test\/wp-json\/wp\/v2\/product\/14167","targetHints":{"allow":["GET"]}}],"collection":[{"href":"https:\/\/missludo.com\/test\/wp-json\/wp\/v2\/product"}],"about":[{"href":"https:\/\/missludo.com\/test\/wp-json\/wp\/v2\/types\/product"}],"replies":[{"embeddable":true,"href":"https:\/\/missludo.com\/test\/wp-json\/wp\/v2\/comments?post=14167"}],"version-history":[{"count":1,"href":"https:\/\/missludo.com\/test\/wp-json\/wp\/v2\/product\/14167\/revisions"}],"predecessor-version":[{"id":14168,"href":"https:\/\/missludo.com\/test\/wp-json\/wp\/v2\/product\/14167\/revisions\/14168"}],"wp:featuredmedia":[{"embeddable":true,"href":"https:\/\/missludo.com\/test\/wp-json\/wp\/v2\/media\/14169"}],"wp:attachment":[{"href":"https:\/\/missludo.com\/test\/wp-json\/wp\/v2\/media?parent=14167"}],"wp:term":[{"taxonomy":"product_brand","embeddable":true,"href":"https:\/\/missludo.com\/test\/wp-json\/wp\/v2\/product_brand?post=14167"},{"taxonomy":"product_cat","embeddable":true,"href":"https:\/\/missludo.com\/test\/wp-json\/wp\/v2\/product_cat?post=14167"},{"taxonomy":"product_tag","embeddable":true,"href":"https:\/\/missludo.com\/test\/wp-json\/wp\/v2\/product_tag?post=14167"}],"curies":[{"name":"wp","href":"https:\/\/api.w.org\/{rel}","templated":true}]}}