{"id":14337,"date":"2026-05-06T14:57:57","date_gmt":"2026-05-06T14:57:57","guid":{"rendered":"https:\/\/missludo.com\/test\/prodotto\/quadro-ganesh-pannello-legno-arredamento-etnico\/"},"modified":"2026-05-06T14:57:57","modified_gmt":"2026-05-06T14:57:57","slug":"quadro-ganesh-pannello-legno-arredamento-etnico","status":"publish","type":"product","link":"https:\/\/missludo.com\/test\/prodotto\/quadro-ganesh-pannello-legno-arredamento-etnico\/","title":{"rendered":"Quadro Ganesh Pannello Legno Arredamento Etnico"},"content":{"rendered":"<p>Quadro pannello Ganesh porta fortuna protezione prosperit\u00e0 divinit\u00e0 Ind\u00f9 scolpito in rilievo pieghevole come separ\u00e8 idea regalo arredamento etnico<\/p>\n","protected":false},"excerpt":{"rendered":"<p>Quadro pannello Ganesh porta fortuna protezione prosperit\u00e0 divinit\u00e0 Ind\u00f9 scolpito in rilievo pieghevole come separ\u00e8 idea regalo arredamento etnico<\/p>\n","protected":false},"featured_media":14339,"comment_status":"closed","ping_status":"open","template":"","meta":[],"product_brand":[],"product_cat":[112,231],"product_tag":[],"class_list":{"0":"post-14337","1":"product","2":"type-product","3":"status-publish","4":"has-post-thumbnail","6":"product_cat-furniture","7":"product_cat-room-dividers","9":"first","10":"instock","11":"taxable","12":"shipping-taxable","13":"purchasable","14":"product-type-simple"},"aioseo_notices":[],"etheme_brands":{"errors":{"invalid_taxonomy":["Tassonomia non valida."]},"error_data":[]},"_links":{"self":[{"href":"https:\/\/missludo.com\/test\/wp-json\/wp\/v2\/product\/14337","targetHints":{"allow":["GET"]}}],"collection":[{"href":"https:\/\/missludo.com\/test\/wp-json\/wp\/v2\/product"}],"about":[{"href":"https:\/\/missludo.com\/test\/wp-json\/wp\/v2\/types\/product"}],"replies":[{"embeddable":true,"href":"https:\/\/missludo.com\/test\/wp-json\/wp\/v2\/comments?post=14337"}],"version-history":[{"count":1,"href":"https:\/\/missludo.com\/test\/wp-json\/wp\/v2\/product\/14337\/revisions"}],"predecessor-version":[{"id":14338,"href":"https:\/\/missludo.com\/test\/wp-json\/wp\/v2\/product\/14337\/revisions\/14338"}],"wp:featuredmedia":[{"embeddable":true,"href":"https:\/\/missludo.com\/test\/wp-json\/wp\/v2\/media\/14339"}],"wp:attachment":[{"href":"https:\/\/missludo.com\/test\/wp-json\/wp\/v2\/media?parent=14337"}],"wp:term":[{"taxonomy":"product_brand","embeddable":true,"href":"https:\/\/missludo.com\/test\/wp-json\/wp\/v2\/product_brand?post=14337"},{"taxonomy":"product_cat","embeddable":true,"href":"https:\/\/missludo.com\/test\/wp-json\/wp\/v2\/product_cat?post=14337"},{"taxonomy":"product_tag","embeddable":true,"href":"https:\/\/missludo.com\/test\/wp-json\/wp\/v2\/product_tag?post=14337"}],"curies":[{"name":"wp","href":"https:\/\/api.w.org\/{rel}","templated":true}]}}