{"id":14490,"date":"2026-05-06T14:58:49","date_gmt":"2026-05-06T14:58:49","guid":{"rendered":"https:\/\/missludo.com\/test\/prodotto\/vassoio-in-bambu-porta-vivande-arredamento-etnico\/"},"modified":"2026-05-06T14:58:51","modified_gmt":"2026-05-06T14:58:51","slug":"vassoio-in-bambu-porta-vivande-arredamento-etnico","status":"publish","type":"product","link":"https:\/\/missludo.com\/test\/prodotto\/vassoio-in-bambu-porta-vivande-arredamento-etnico\/","title":{"rendered":"Vassoio in bamb\u00f9 porta vivande arredamento etnico"},"content":{"rendered":"<p data-start=\"48\" data-end=\"178\">Bellissimo vassoio originale in canna di bamb\u00f9, utile come portavivande per tazze, t\u00e8, caff\u00e8, bicchieri e cibo, realizzato a mano.<\/p>\n<p data-start=\"180\" data-end=\"253\"><strong data-start=\"180\" data-end=\"195\">Dimensioni:<\/strong><br data-start=\"195\" data-end=\"198\">Lunghezza 42 cm \u00d7 Larghezza 28 cm \u00d7 Altezza 7 cm circa.<\/p>\n","protected":false},"excerpt":{"rendered":"<p>Bellissimo vassoio originale in canna di bamb\u00f9, utile come portavivande per tazze, t\u00e8, caff\u00e8, bicchieri e cibo, realizzato a mano. Dimensioni:Lunghezza 42 cm \u00d7 Larghezza&#8230;<\/p>\n","protected":false},"featured_media":14492,"comment_status":"closed","ping_status":"open","template":"","meta":[],"product_brand":[],"product_cat":[109,155,173,174,169],"product_tag":[],"class_list":{"0":"post-14490","1":"product","2":"type-product","3":"status-publish","4":"has-post-thumbnail","6":"product_cat-home-garden","7":"product_cat-kitchen-dining","8":"product_cat-serveware","9":"product_cat-serving-trays","10":"product_cat-tableware","12":"first","13":"instock","14":"taxable","15":"shipping-taxable","16":"purchasable","17":"product-type-simple"},"aioseo_notices":[],"etheme_brands":{"errors":{"invalid_taxonomy":["Tassonomia non valida."]},"error_data":[]},"_links":{"self":[{"href":"https:\/\/missludo.com\/test\/wp-json\/wp\/v2\/product\/14490","targetHints":{"allow":["GET"]}}],"collection":[{"href":"https:\/\/missludo.com\/test\/wp-json\/wp\/v2\/product"}],"about":[{"href":"https:\/\/missludo.com\/test\/wp-json\/wp\/v2\/types\/product"}],"replies":[{"embeddable":true,"href":"https:\/\/missludo.com\/test\/wp-json\/wp\/v2\/comments?post=14490"}],"version-history":[{"count":1,"href":"https:\/\/missludo.com\/test\/wp-json\/wp\/v2\/product\/14490\/revisions"}],"predecessor-version":[{"id":14491,"href":"https:\/\/missludo.com\/test\/wp-json\/wp\/v2\/product\/14490\/revisions\/14491"}],"wp:featuredmedia":[{"embeddable":true,"href":"https:\/\/missludo.com\/test\/wp-json\/wp\/v2\/media\/14492"}],"wp:attachment":[{"href":"https:\/\/missludo.com\/test\/wp-json\/wp\/v2\/media?parent=14490"}],"wp:term":[{"taxonomy":"product_brand","embeddable":true,"href":"https:\/\/missludo.com\/test\/wp-json\/wp\/v2\/product_brand?post=14490"},{"taxonomy":"product_cat","embeddable":true,"href":"https:\/\/missludo.com\/test\/wp-json\/wp\/v2\/product_cat?post=14490"},{"taxonomy":"product_tag","embeddable":true,"href":"https:\/\/missludo.com\/test\/wp-json\/wp\/v2\/product_tag?post=14490"}],"curies":[{"name":"wp","href":"https:\/\/api.w.org\/{rel}","templated":true}]}}