{"id":14493,"date":"2026-05-06T14:58:53","date_gmt":"2026-05-06T14:58:53","guid":{"rendered":"https:\/\/missludo.com\/test\/prodotto\/vassoio-bambu-porta-vivande-the-caffe-centro-tavola\/"},"modified":"2026-05-06T14:58:53","modified_gmt":"2026-05-06T14:58:53","slug":"vassoio-bambu-porta-vivande-the-caffe-centro-tavola","status":"publish","type":"product","link":"https:\/\/missludo.com\/test\/prodotto\/vassoio-bambu-porta-vivande-the-caffe-centro-tavola\/","title":{"rendered":"Vassoio bambu porta vivande the caffe centro tavola"},"content":{"rendered":"<p data-start=\"38\" data-end=\"175\">Bellissimo vassoio etnico in canna di bamb\u00f9 originale, utile come portavivande per tazze, t\u00e8, caff\u00e8, bicchieri e cibo, realizzato a mano.<\/p>\n<p data-start=\"177\" data-end=\"219\">Per maggiori informazioni: +39 328 1848861<\/p>\n<p data-start=\"221\" data-end=\"294\"><strong data-start=\"221\" data-end=\"236\">Dimensioni:<\/strong><br data-start=\"236\" data-end=\"239\">Lunghezza 52 cm \u00d7 Larghezza 35 cm \u00d7 Altezza 9 cm circa.<\/p>\n","protected":false},"excerpt":{"rendered":"<p>Bellissimo vassoio etnico in canna di bamb\u00f9 originale, utile come portavivande per tazze, t\u00e8, caff\u00e8, bicchieri e cibo, realizzato a mano. Per maggiori informazioni: +39&#8230;<\/p>\n","protected":false},"featured_media":14495,"comment_status":"closed","ping_status":"open","template":"","meta":[],"product_brand":[],"product_cat":[109,155,173,174,169],"product_tag":[],"class_list":{"0":"post-14493","1":"product","2":"type-product","3":"status-publish","4":"has-post-thumbnail","6":"product_cat-home-garden","7":"product_cat-kitchen-dining","8":"product_cat-serveware","9":"product_cat-serving-trays","10":"product_cat-tableware","12":"first","13":"instock","14":"taxable","15":"shipping-taxable","16":"purchasable","17":"product-type-simple"},"aioseo_notices":[],"etheme_brands":{"errors":{"invalid_taxonomy":["Tassonomia non valida."]},"error_data":[]},"_links":{"self":[{"href":"https:\/\/missludo.com\/test\/wp-json\/wp\/v2\/product\/14493","targetHints":{"allow":["GET"]}}],"collection":[{"href":"https:\/\/missludo.com\/test\/wp-json\/wp\/v2\/product"}],"about":[{"href":"https:\/\/missludo.com\/test\/wp-json\/wp\/v2\/types\/product"}],"replies":[{"embeddable":true,"href":"https:\/\/missludo.com\/test\/wp-json\/wp\/v2\/comments?post=14493"}],"version-history":[{"count":1,"href":"https:\/\/missludo.com\/test\/wp-json\/wp\/v2\/product\/14493\/revisions"}],"predecessor-version":[{"id":14494,"href":"https:\/\/missludo.com\/test\/wp-json\/wp\/v2\/product\/14493\/revisions\/14494"}],"wp:featuredmedia":[{"embeddable":true,"href":"https:\/\/missludo.com\/test\/wp-json\/wp\/v2\/media\/14495"}],"wp:attachment":[{"href":"https:\/\/missludo.com\/test\/wp-json\/wp\/v2\/media?parent=14493"}],"wp:term":[{"taxonomy":"product_brand","embeddable":true,"href":"https:\/\/missludo.com\/test\/wp-json\/wp\/v2\/product_brand?post=14493"},{"taxonomy":"product_cat","embeddable":true,"href":"https:\/\/missludo.com\/test\/wp-json\/wp\/v2\/product_cat?post=14493"},{"taxonomy":"product_tag","embeddable":true,"href":"https:\/\/missludo.com\/test\/wp-json\/wp\/v2\/product_tag?post=14493"}],"curies":[{"name":"wp","href":"https:\/\/api.w.org\/{rel}","templated":true}]}}