{"id":14867,"date":"2026-05-06T15:01:41","date_gmt":"2026-05-06T15:01:41","guid":{"rendered":"https:\/\/missludo.com\/test\/prodotto\/lampada-abatjour-etnica-mosaico-vetro-art-deco-om\/"},"modified":"2026-05-06T15:01:41","modified_gmt":"2026-05-06T15:01:41","slug":"lampada-abatjour-etnica-mosaico-vetro-art-deco-om","status":"publish","type":"product","link":"https:\/\/missludo.com\/test\/prodotto\/lampada-abatjour-etnica-mosaico-vetro-art-deco-om\/","title":{"rendered":"Lampada Abatjour Etnica Mosaico Vetro Art Deco om"},"content":{"rendered":"<h3 data-end=\"98\" data-start=\"0\"><strong data-end=\"96\" data-start=\"4\">\u2728Lampada artigianale in vetro mosaico Bianco\/Marrone \u2013 Eleganza naturale per i tuoi spazi\u2728<\/strong><\/h3>\n<p data-end=\"381\" data-start=\"100\">Porta un tocco di raffinatezza e calore nella tua casa con questa splendida lampada artigianale in mosaico di vetro, nei toni <strong data-end=\"246\" data-start=\"226\">bianco e marrone<\/strong>. La sua combinazione di colori neutri la rende perfetta per qualsiasi ambiente, aggiungendo un tocco di classe e armonia agli spazi.<\/p>\n<h4 data-end=\"421\" data-start=\"383\"><strong data-end=\"419\" data-start=\"388\">Caratteristiche principali:<\/strong><\/h4>\n<p data-end=\"588\" data-start=\"423\">\u2705 <strong data-end=\"448\" data-start=\"425\">Materiale pregiato:<\/strong> Realizzata a mano con frammenti di vetro mosaico, questa lampada diffonde una luce soffusa e accogliente, creando giochi di colore unici.<\/p>\n<p data-end=\"723\" data-start=\"590\">\u2705 <strong data-end=\"622\" data-start=\"592\">Fatta a mano in Indonesia:<\/strong> Ogni pezzo \u00e8 il risultato di un&#8217;attenta lavorazione artigianale, che garantisce qualit\u00e0 e unicit\u00e0.<\/p>\n<p data-end=\"888\" data-start=\"725\">\u2705 <strong data-end=\"751\" data-start=\"727\">Dimensioni generose:<\/strong> Con le sue misure di <strong data-end=\"792\" data-start=\"773\">36 x 36 x 52 cm<\/strong>, \u00e8 ideale per comodini, tavolini o angoli decorativi, donando un&#8217;atmosfera calda ed elegante.<\/p>\n<p data-end=\"1081\" data-start=\"890\">\u2705 <strong data-end=\"913\" data-start=\"892\">Design versatile:<\/strong> I toni naturali del bianco e marrone si adattano perfettamente a stili d\u2019arredo classici, moderni, rustici ed etnici, valorizzando ogni ambiente con sobria eleganza.<\/p>\n<p data-end=\"1193\" data-start=\"1083\">\u2705 <strong data-end=\"1129\" data-start=\"1085\">Disponibile in altre varianti di colore:<\/strong><br data-end=\"1132\" data-start=\"1129\">Oltre alla versione <strong data-end=\"1170\" data-start=\"1152\">bianco\/marrone<\/strong>, puoi scegliere tra:<\/p>\n<ul data-end=\"1520\" data-start=\"1194\">\n<li data-end=\"1276\" data-start=\"1194\">\n<strong data-end=\"1212\" data-start=\"1196\">Giallo\/Rosso<\/strong> \u2013 Energica e vibrante, perfetta per un\u2019atmosfera accogliente.<\/li>\n<li data-end=\"1358\" data-start=\"1277\">\n<strong data-end=\"1293\" data-start=\"1279\">Bianco\/Blu<\/strong> \u2013 Fresca e rilassante, ideale per ambienti dallo stile marino.<\/li>\n<li data-end=\"1431\" data-start=\"1359\">\n<strong data-end=\"1376\" data-start=\"1361\">Multicolore<\/strong> \u2013 Vivace e artistica, per chi ama colori e fantasia.<\/li>\n<li data-end=\"1520\" data-start=\"1432\">\n<strong data-end=\"1450\" data-start=\"1434\">Bianco\/Verde<\/strong> \u2013 Naturale e armoniosa, perfetta per creare un ambiente rilassante.<\/li>\n<\/ul>\n<p data-end=\"1621\" data-start=\"1522\">\u2728 <strong data-end=\"1617\" data-start=\"1524\">Un&#8217;opera d&#8217;arte luminosa che unisce tradizione e bellezza per impreziosire ogni ambiente!<\/strong> \u2728<\/p>\n<p data-is-only-node=\"\" data-is-last-node=\"\" data-end=\"1711\" data-start=\"1623\">  <strong data-is-last-node=\"\" data-end=\"1711\" data-start=\"1626\">Contattaci per maggiori informazioni o per acquistare la tua lampada artigianale!<\/strong><\/p>\n","protected":false},"excerpt":{"rendered":"<p>\u2728Lampada artigianale in vetro mosaico Bianco\/Marrone \u2013 Eleganza naturale per i tuoi spazi\u2728 Porta un tocco di raffinatezza e calore nella tua casa con questa&#8230;<\/p>\n","protected":false},"featured_media":14869,"comment_status":"closed","ping_status":"open","template":"","meta":[],"product_brand":[],"product_cat":[109,179,178,233],"product_tag":[],"class_list":{"0":"post-14867","1":"product","2":"type-product","3":"status-publish","4":"has-post-thumbnail","6":"product_cat-home-garden","7":"product_cat-lamps","8":"product_cat-lighting-home-garden","9":"product_cat-table-lamps","11":"first","12":"outofstock","13":"taxable","14":"shipping-taxable","15":"purchasable","16":"product-type-simple"},"aioseo_notices":[],"etheme_brands":{"errors":{"invalid_taxonomy":["Tassonomia non valida."]},"error_data":[]},"_links":{"self":[{"href":"https:\/\/missludo.com\/test\/wp-json\/wp\/v2\/product\/14867","targetHints":{"allow":["GET"]}}],"collection":[{"href":"https:\/\/missludo.com\/test\/wp-json\/wp\/v2\/product"}],"about":[{"href":"https:\/\/missludo.com\/test\/wp-json\/wp\/v2\/types\/product"}],"replies":[{"embeddable":true,"href":"https:\/\/missludo.com\/test\/wp-json\/wp\/v2\/comments?post=14867"}],"version-history":[{"count":1,"href":"https:\/\/missludo.com\/test\/wp-json\/wp\/v2\/product\/14867\/revisions"}],"predecessor-version":[{"id":14868,"href":"https:\/\/missludo.com\/test\/wp-json\/wp\/v2\/product\/14867\/revisions\/14868"}],"wp:featuredmedia":[{"embeddable":true,"href":"https:\/\/missludo.com\/test\/wp-json\/wp\/v2\/media\/14869"}],"wp:attachment":[{"href":"https:\/\/missludo.com\/test\/wp-json\/wp\/v2\/media?parent=14867"}],"wp:term":[{"taxonomy":"product_brand","embeddable":true,"href":"https:\/\/missludo.com\/test\/wp-json\/wp\/v2\/product_brand?post=14867"},{"taxonomy":"product_cat","embeddable":true,"href":"https:\/\/missludo.com\/test\/wp-json\/wp\/v2\/product_cat?post=14867"},{"taxonomy":"product_tag","embeddable":true,"href":"https:\/\/missludo.com\/test\/wp-json\/wp\/v2\/product_tag?post=14867"}],"curies":[{"name":"wp","href":"https:\/\/api.w.org\/{rel}","templated":true}]}}